{"id":140,"date":"2021-12-10T15:05:11","date_gmt":"2021-12-10T14:05:11","guid":{"rendered":"https:\/\/www.aucoeurparis.com\/hotels-au-coeur-de-paris\/"},"modified":"2023-10-12T16:38:30","modified_gmt":"2023-10-12T14:38:30","slug":"hotels-in-paris","status":"publish","type":"page","link":"https:\/\/www.aucoeurparis.com\/de\/","title":{"rendered":"Hotels in Paris"},"content":{"rendered":"<p>Alle unsere Hotels befinden sich in idealer Lage im Herzen von Paris, im Marais-Viertel, in der N\u00e4he der Place de la R\u00e9publique. Dank dieser g\u00fcnstigen Lage sind die meisten Sehensw\u00fcrdigkeiten, Museen, Theater, Galerien, Gesch\u00e4fte, Restaurants, Bars, Caf\u00e9s und zahlreiche U-Bahn- und Buslinien zu Fu\u00df erreichbar.<\/p>\n<p>Unsere Hotels eignen sich sowohl f\u00fcr touristische Ausfl\u00fcge allein oder mit der Familie als auch f\u00fcr Gesch\u00e4ftsreisen. Wir w\u00fcrden uns freuen, Sie in einem unserer Zimmer oder in einer der Suiten unserer Hotels begr\u00fc\u00dfen zu d\u00fcrfen.<\/p>\n","protected":false},"excerpt":{"rendered":"<p>Alle unsere Hotels befinden sich in idealer Lage im Herzen von Paris, im Marais-Viertel, in der N\u00e4he der Place de la R\u00e9publique. Dank dieser g\u00fcnstigen Lage sind die meisten Sehensw\u00fcrdigkeiten, Museen, Theater, Galerien, Gesch\u00e4fte, Restaurants, Bars, Caf\u00e9s und zahlreiche U-Bahn- und Buslinien zu Fu\u00df erreichbar. Unsere Hotels eignen sich sowohl f\u00fcr touristische Ausfl\u00fcge allein oder [&hellip;]<\/p>\n","protected":false},"author":5,"featured_media":0,"parent":0,"menu_order":0,"comment_status":"closed","ping_status":"closed","template":"","meta":{"footnotes":""},"class_list":["post-140","page","type-page","status-publish","hentry"],"yoast_head":"<!-- This site is optimized with the Yoast SEO plugin v26.9 - https:\/\/yoast.com\/product\/yoast-seo-wordpress\/ -->\n<title>Hotels in Paris - Groupe Coeur Paris<\/title>\n<meta name=\"description\" content=\"Alle unsere Hotels befinden sich in idealer Lage im Herzen von Paris, im Marais-Viertel, in der N\u00e4he der Place de la R\u00e9publique. Dank dieser g\u00fcnstigen\" \/>\n<meta name=\"robots\" content=\"index, follow, max-snippet:-1, max-image-preview:large, max-video-preview:-1\" \/>\n<link rel=\"canonical\" href=\"https:\/\/www.aucoeurparis.com\/de\/\" \/>\n<meta property=\"og:locale\" content=\"de_DE\" \/>\n<meta property=\"og:type\" content=\"article\" \/>\n<meta property=\"og:title\" content=\"Hotels in Paris - Groupe Coeur Paris\" \/>\n<meta property=\"og:description\" content=\"Alle unsere Hotels befinden sich in idealer Lage im Herzen von Paris, im Marais-Viertel, in der N\u00e4he der Place de la R\u00e9publique. Dank dieser g\u00fcnstigen\" \/>\n<meta property=\"og:url\" content=\"https:\/\/www.aucoeurparis.com\/de\/\" \/>\n<meta property=\"og:site_name\" content=\"Groupe Coeur Paris\" \/>\n<meta property=\"article:modified_time\" content=\"2023-10-12T14:38:30+00:00\" \/>\n<meta name=\"twitter:card\" content=\"summary_large_image\" \/>\n<script type=\"application\/ld+json\" class=\"yoast-schema-graph\">{\"@context\":\"https:\/\/schema.org\",\"@graph\":[{\"@type\":\"WebPage\",\"@id\":\"https:\/\/www.aucoeurparis.com\/de\/\",\"url\":\"https:\/\/www.aucoeurparis.com\/de\/\",\"name\":\"Hotels in Paris - Groupe Coeur Paris\",\"isPartOf\":{\"@id\":\"https:\/\/www.aucoeurparis.com\/de\/#website\"},\"datePublished\":\"2021-12-10T14:05:11+00:00\",\"dateModified\":\"2023-10-12T14:38:30+00:00\",\"description\":\"Alle unsere Hotels befinden sich in idealer Lage im Herzen von Paris, im Marais-Viertel, in der N\u00e4he der Place de la R\u00e9publique. Dank dieser g\u00fcnstigen\",\"breadcrumb\":{\"@id\":\"https:\/\/www.aucoeurparis.com\/de\/#breadcrumb\"},\"inLanguage\":\"de-DE\",\"potentialAction\":[{\"@type\":\"ReadAction\",\"target\":[\"https:\/\/www.aucoeurparis.com\/de\/\"]}]},{\"@type\":\"BreadcrumbList\",\"@id\":\"https:\/\/www.aucoeurparis.com\/de\/#breadcrumb\",\"itemListElement\":[{\"@type\":\"ListItem\",\"position\":1,\"name\":\"Accueil\",\"item\":\"https:\/\/www.aucoeurparis.com\/de\/\"},{\"@type\":\"ListItem\",\"position\":2,\"name\":\"Hotels in Paris\"}]},{\"@type\":\"WebSite\",\"@id\":\"https:\/\/www.aucoeurparis.com\/de\/#website\",\"url\":\"https:\/\/www.aucoeurparis.com\/de\/\",\"name\":\"Groupe Coeur Paris\",\"description\":\"Un site utilisant ms.decms.eu\",\"potentialAction\":[{\"@type\":\"SearchAction\",\"target\":{\"@type\":\"EntryPoint\",\"urlTemplate\":\"https:\/\/www.aucoeurparis.com\/de\/?s={search_term_string}\"},\"query-input\":{\"@type\":\"PropertyValueSpecification\",\"valueRequired\":true,\"valueName\":\"search_term_string\"}}],\"inLanguage\":\"de-DE\"}]}<\/script>\n<!-- \/ Yoast SEO plugin. -->","yoast_head_json":{"title":"Hotels in Paris - Groupe Coeur Paris","description":"Alle unsere Hotels befinden sich in idealer Lage im Herzen von Paris, im Marais-Viertel, in der N\u00e4he der Place de la R\u00e9publique. Dank dieser g\u00fcnstigen","robots":{"index":"index","follow":"follow","max-snippet":"max-snippet:-1","max-image-preview":"max-image-preview:large","max-video-preview":"max-video-preview:-1"},"canonical":"https:\/\/www.aucoeurparis.com\/de\/","og_locale":"de_DE","og_type":"article","og_title":"Hotels in Paris - Groupe Coeur Paris","og_description":"Alle unsere Hotels befinden sich in idealer Lage im Herzen von Paris, im Marais-Viertel, in der N\u00e4he der Place de la R\u00e9publique. Dank dieser g\u00fcnstigen","og_url":"https:\/\/www.aucoeurparis.com\/de\/","og_site_name":"Groupe Coeur Paris","article_modified_time":"2023-10-12T14:38:30+00:00","twitter_card":"summary_large_image","schema":{"@context":"https:\/\/schema.org","@graph":[{"@type":"WebPage","@id":"https:\/\/www.aucoeurparis.com\/de\/","url":"https:\/\/www.aucoeurparis.com\/de\/","name":"Hotels in Paris - Groupe Coeur Paris","isPartOf":{"@id":"https:\/\/www.aucoeurparis.com\/de\/#website"},"datePublished":"2021-12-10T14:05:11+00:00","dateModified":"2023-10-12T14:38:30+00:00","description":"Alle unsere Hotels befinden sich in idealer Lage im Herzen von Paris, im Marais-Viertel, in der N\u00e4he der Place de la R\u00e9publique. Dank dieser g\u00fcnstigen","breadcrumb":{"@id":"https:\/\/www.aucoeurparis.com\/de\/#breadcrumb"},"inLanguage":"de-DE","potentialAction":[{"@type":"ReadAction","target":["https:\/\/www.aucoeurparis.com\/de\/"]}]},{"@type":"BreadcrumbList","@id":"https:\/\/www.aucoeurparis.com\/de\/#breadcrumb","itemListElement":[{"@type":"ListItem","position":1,"name":"Accueil","item":"https:\/\/www.aucoeurparis.com\/de\/"},{"@type":"ListItem","position":2,"name":"Hotels in Paris"}]},{"@type":"WebSite","@id":"https:\/\/www.aucoeurparis.com\/de\/#website","url":"https:\/\/www.aucoeurparis.com\/de\/","name":"Groupe Coeur Paris","description":"Un site utilisant ms.decms.eu","potentialAction":[{"@type":"SearchAction","target":{"@type":"EntryPoint","urlTemplate":"https:\/\/www.aucoeurparis.com\/de\/?s={search_term_string}"},"query-input":{"@type":"PropertyValueSpecification","valueRequired":true,"valueName":"search_term_string"}}],"inLanguage":"de-DE"}]}},"acf":[],"_links":{"self":[{"href":"https:\/\/www.aucoeurparis.com\/de\/wp-json\/wp\/v2\/pages\/140","targetHints":{"allow":["GET"]}}],"collection":[{"href":"https:\/\/www.aucoeurparis.com\/de\/wp-json\/wp\/v2\/pages"}],"about":[{"href":"https:\/\/www.aucoeurparis.com\/de\/wp-json\/wp\/v2\/types\/page"}],"author":[{"embeddable":true,"href":"https:\/\/www.aucoeurparis.com\/de\/wp-json\/wp\/v2\/users\/5"}],"replies":[{"embeddable":true,"href":"https:\/\/www.aucoeurparis.com\/de\/wp-json\/wp\/v2\/comments?post=140"}],"version-history":[{"count":0,"href":"https:\/\/www.aucoeurparis.com\/de\/wp-json\/wp\/v2\/pages\/140\/revisions"}],"wp:attachment":[{"href":"https:\/\/www.aucoeurparis.com\/de\/wp-json\/wp\/v2\/media?parent=140"}],"curies":[{"name":"wp","href":"https:\/\/api.w.org\/{rel}","templated":true}]}}