{"id":161,"date":"2021-12-10T17:51:10","date_gmt":"2021-12-10T16:51:10","guid":{"rendered":"https:\/\/www.aucoeurparis.com\/hotel-au-coeur-des-arts-et-metiers\/"},"modified":"2022-12-14T12:10:24","modified_gmt":"2022-12-14T11:10:24","slug":"hotel-au-coeur-des-arts-et-metiers","status":"publish","type":"page","link":"https:\/\/www.aucoeurparis.com\/de\/hotel-au-coeur-des-arts-et-metiers\/","title":{"rendered":"Hotel Au Coeur des Arts et M\u00e9tiers"},"content":{"rendered":"<p><span data-sheets-value=\"{&quot;1&quot;:2,&quot;2&quot;:&quot;Das Hotel Au C\u0153ur des Arts et M\u00e9tiers ist ein komplett renoviertes Hotel mit Aufzug und Klimaanlage in einer ruhigen Stra\u00dfe im Herzen des Marais-Viertels. Die Unterkunft verf\u00fcgt \u00fcber 27 Zimmer, darunter Doppelzimmer mit Blick auf den Innenhof und Blick auf die Stra\u00dfe, ein Doppelzimmer mit Patio, eine Familiensuite und ein Doppelzimmer im Erdgeschoss.&quot;}\" data-sheets-userformat=\"{&quot;2&quot;:6401,&quot;3&quot;:{&quot;1&quot;:0,&quot;3&quot;:1},&quot;11&quot;:4,&quot;14&quot;:{&quot;1&quot;:3,&quot;3&quot;:1},&quot;15&quot;:&quot;Arial&quot;}\">Das Hotel Au C\u0153ur des Arts et M\u00e9tiers ist ein komplett renoviertes Hotel mit Aufzug und Klimaanlage in einer ruhigen Stra\u00dfe im Herzen des Marais-Viertels. Die Unterkunft verf\u00fcgt \u00fcber 27 Zimmer, darunter Doppelzimmer mit Blick auf den Innenhof und Blick auf die Stra\u00dfe, ein Doppelzimmer mit Patio, eine Familiensuite und ein Doppelzimmer im Erdgeschoss.<\/span><\/p>\n","protected":false},"excerpt":{"rendered":"<p>Das Hotel Au C\u0153ur des Arts et M\u00e9tiers ist ein komplett renoviertes Hotel mit Aufzug und Klimaanlage in einer ruhigen Stra\u00dfe im Herzen des Marais-Viertels. Die Unterkunft verf\u00fcgt \u00fcber 27 Zimmer, darunter Doppelzimmer mit Blick auf den Innenhof und Blick auf die Stra\u00dfe, ein Doppelzimmer mit Patio, eine Familiensuite und ein Doppelzimmer im Erdgeschoss.<\/p>\n","protected":false},"author":5,"featured_media":0,"parent":0,"menu_order":0,"comment_status":"closed","ping_status":"closed","template":"template-single-hotel.php","meta":{"footnotes":""},"class_list":["post-161","page","type-page","status-publish","hentry"],"yoast_head":"<!-- This site is optimized with the Yoast SEO plugin v26.9 - https:\/\/yoast.com\/product\/yoast-seo-wordpress\/ -->\n<title>Hotel Au Coeur des Arts et M\u00e9tiers - Groupe Coeur Paris<\/title>\n<meta name=\"description\" content=\"Das Hotel Au C\u0153ur des Arts et M\u00e9tiers ist ein komplett renoviertes Hotel mit Aufzug und Klimaanlage in einer ruhigen Stra\u00dfe im Herzen des Marais-Viertels.\" \/>\n<meta name=\"robots\" content=\"index, follow, max-snippet:-1, max-image-preview:large, max-video-preview:-1\" \/>\n<link rel=\"canonical\" href=\"https:\/\/www.aucoeurparis.com\/de\/hotel-au-coeur-des-arts-et-metiers\/\" \/>\n<meta property=\"og:locale\" content=\"de_DE\" \/>\n<meta property=\"og:type\" content=\"article\" \/>\n<meta property=\"og:title\" content=\"Hotel Au Coeur des Arts et M\u00e9tiers - Groupe Coeur Paris\" \/>\n<meta property=\"og:description\" content=\"Das Hotel Au C\u0153ur des Arts et M\u00e9tiers ist ein komplett renoviertes Hotel mit Aufzug und Klimaanlage in einer ruhigen Stra\u00dfe im Herzen des Marais-Viertels.\" \/>\n<meta property=\"og:url\" content=\"https:\/\/www.aucoeurparis.com\/de\/hotel-au-coeur-des-arts-et-metiers\/\" \/>\n<meta property=\"og:site_name\" content=\"Groupe Coeur Paris\" \/>\n<meta property=\"article:modified_time\" content=\"2022-12-14T11:10:24+00:00\" \/>\n<meta name=\"twitter:card\" content=\"summary_large_image\" \/>\n<meta name=\"twitter:label1\" content=\"Gesch\u00e4tzte Lesezeit\" \/>\n\t<meta name=\"twitter:data1\" content=\"1 Minute\" \/>\n<script type=\"application\/ld+json\" class=\"yoast-schema-graph\">{\"@context\":\"https:\/\/schema.org\",\"@graph\":[{\"@type\":\"WebPage\",\"@id\":\"https:\/\/www.aucoeurparis.com\/de\/hotel-au-coeur-des-arts-et-metiers\/\",\"url\":\"https:\/\/www.aucoeurparis.com\/de\/hotel-au-coeur-des-arts-et-metiers\/\",\"name\":\"Hotel Au Coeur des Arts et M\u00e9tiers - Groupe Coeur Paris\",\"isPartOf\":{\"@id\":\"https:\/\/www.aucoeurparis.com\/de\/#website\"},\"datePublished\":\"2021-12-10T16:51:10+00:00\",\"dateModified\":\"2022-12-14T11:10:24+00:00\",\"description\":\"Das Hotel Au C\u0153ur des Arts et M\u00e9tiers ist ein komplett renoviertes Hotel mit Aufzug und Klimaanlage in einer ruhigen Stra\u00dfe im Herzen des Marais-Viertels.\",\"breadcrumb\":{\"@id\":\"https:\/\/www.aucoeurparis.com\/de\/hotel-au-coeur-des-arts-et-metiers\/#breadcrumb\"},\"inLanguage\":\"de-DE\",\"potentialAction\":[{\"@type\":\"ReadAction\",\"target\":[\"https:\/\/www.aucoeurparis.com\/de\/hotel-au-coeur-des-arts-et-metiers\/\"]}]},{\"@type\":\"BreadcrumbList\",\"@id\":\"https:\/\/www.aucoeurparis.com\/de\/hotel-au-coeur-des-arts-et-metiers\/#breadcrumb\",\"itemListElement\":[{\"@type\":\"ListItem\",\"position\":1,\"name\":\"Accueil\",\"item\":\"https:\/\/www.aucoeurparis.com\/de\/\"},{\"@type\":\"ListItem\",\"position\":2,\"name\":\"Hotel Au Coeur des Arts et M\u00e9tiers\"}]},{\"@type\":\"WebSite\",\"@id\":\"https:\/\/www.aucoeurparis.com\/de\/#website\",\"url\":\"https:\/\/www.aucoeurparis.com\/de\/\",\"name\":\"Groupe Coeur Paris\",\"description\":\"Un site utilisant ms.decms.eu\",\"potentialAction\":[{\"@type\":\"SearchAction\",\"target\":{\"@type\":\"EntryPoint\",\"urlTemplate\":\"https:\/\/www.aucoeurparis.com\/de\/?s={search_term_string}\"},\"query-input\":{\"@type\":\"PropertyValueSpecification\",\"valueRequired\":true,\"valueName\":\"search_term_string\"}}],\"inLanguage\":\"de-DE\"}]}<\/script>\n<!-- \/ Yoast SEO plugin. -->","yoast_head_json":{"title":"Hotel Au Coeur des Arts et M\u00e9tiers - Groupe Coeur Paris","description":"Das Hotel Au C\u0153ur des Arts et M\u00e9tiers ist ein komplett renoviertes Hotel mit Aufzug und Klimaanlage in einer ruhigen Stra\u00dfe im Herzen des Marais-Viertels.","robots":{"index":"index","follow":"follow","max-snippet":"max-snippet:-1","max-image-preview":"max-image-preview:large","max-video-preview":"max-video-preview:-1"},"canonical":"https:\/\/www.aucoeurparis.com\/de\/hotel-au-coeur-des-arts-et-metiers\/","og_locale":"de_DE","og_type":"article","og_title":"Hotel Au Coeur des Arts et M\u00e9tiers - Groupe Coeur Paris","og_description":"Das Hotel Au C\u0153ur des Arts et M\u00e9tiers ist ein komplett renoviertes Hotel mit Aufzug und Klimaanlage in einer ruhigen Stra\u00dfe im Herzen des Marais-Viertels.","og_url":"https:\/\/www.aucoeurparis.com\/de\/hotel-au-coeur-des-arts-et-metiers\/","og_site_name":"Groupe Coeur Paris","article_modified_time":"2022-12-14T11:10:24+00:00","twitter_card":"summary_large_image","twitter_misc":{"Gesch\u00e4tzte Lesezeit":"1 Minute"},"schema":{"@context":"https:\/\/schema.org","@graph":[{"@type":"WebPage","@id":"https:\/\/www.aucoeurparis.com\/de\/hotel-au-coeur-des-arts-et-metiers\/","url":"https:\/\/www.aucoeurparis.com\/de\/hotel-au-coeur-des-arts-et-metiers\/","name":"Hotel Au Coeur des Arts et M\u00e9tiers - Groupe Coeur Paris","isPartOf":{"@id":"https:\/\/www.aucoeurparis.com\/de\/#website"},"datePublished":"2021-12-10T16:51:10+00:00","dateModified":"2022-12-14T11:10:24+00:00","description":"Das Hotel Au C\u0153ur des Arts et M\u00e9tiers ist ein komplett renoviertes Hotel mit Aufzug und Klimaanlage in einer ruhigen Stra\u00dfe im Herzen des Marais-Viertels.","breadcrumb":{"@id":"https:\/\/www.aucoeurparis.com\/de\/hotel-au-coeur-des-arts-et-metiers\/#breadcrumb"},"inLanguage":"de-DE","potentialAction":[{"@type":"ReadAction","target":["https:\/\/www.aucoeurparis.com\/de\/hotel-au-coeur-des-arts-et-metiers\/"]}]},{"@type":"BreadcrumbList","@id":"https:\/\/www.aucoeurparis.com\/de\/hotel-au-coeur-des-arts-et-metiers\/#breadcrumb","itemListElement":[{"@type":"ListItem","position":1,"name":"Accueil","item":"https:\/\/www.aucoeurparis.com\/de\/"},{"@type":"ListItem","position":2,"name":"Hotel Au Coeur des Arts et M\u00e9tiers"}]},{"@type":"WebSite","@id":"https:\/\/www.aucoeurparis.com\/de\/#website","url":"https:\/\/www.aucoeurparis.com\/de\/","name":"Groupe Coeur Paris","description":"Un site utilisant ms.decms.eu","potentialAction":[{"@type":"SearchAction","target":{"@type":"EntryPoint","urlTemplate":"https:\/\/www.aucoeurparis.com\/de\/?s={search_term_string}"},"query-input":{"@type":"PropertyValueSpecification","valueRequired":true,"valueName":"search_term_string"}}],"inLanguage":"de-DE"}]}},"acf":[],"_links":{"self":[{"href":"https:\/\/www.aucoeurparis.com\/de\/wp-json\/wp\/v2\/pages\/161","targetHints":{"allow":["GET"]}}],"collection":[{"href":"https:\/\/www.aucoeurparis.com\/de\/wp-json\/wp\/v2\/pages"}],"about":[{"href":"https:\/\/www.aucoeurparis.com\/de\/wp-json\/wp\/v2\/types\/page"}],"author":[{"embeddable":true,"href":"https:\/\/www.aucoeurparis.com\/de\/wp-json\/wp\/v2\/users\/5"}],"replies":[{"embeddable":true,"href":"https:\/\/www.aucoeurparis.com\/de\/wp-json\/wp\/v2\/comments?post=161"}],"version-history":[{"count":0,"href":"https:\/\/www.aucoeurparis.com\/de\/wp-json\/wp\/v2\/pages\/161\/revisions"}],"wp:attachment":[{"href":"https:\/\/www.aucoeurparis.com\/de\/wp-json\/wp\/v2\/media?parent=161"}],"curies":[{"name":"wp","href":"https:\/\/api.w.org\/{rel}","templated":true}]}}