{"id":171,"date":"2021-12-10T17:51:37","date_gmt":"2021-12-10T16:51:37","guid":{"rendered":"https:\/\/www.aucoeurparis.com\/hotel-au-coeur-de-republique\/"},"modified":"2022-12-13T14:29:21","modified_gmt":"2022-12-13T13:29:21","slug":"hotel-au-coeur-de-republique","status":"publish","type":"page","link":"https:\/\/www.aucoeurparis.com\/de\/hotel-au-coeur-de-republique\/","title":{"rendered":"Hotel Au C\u0153ur de R\u00e9publique"},"content":{"rendered":"<p><span data-sheets-value=\"{&quot;1&quot;:2,&quot;2&quot;:&quot;Das Hotel Au Coeur de R\u00e9publique ist ein k\u00fcrzlich renoviertes Hotel mit Klimaanlage in einer ruhigen Stra\u00dfe in der N\u00e4he der Place de la R\u00e9publique und nur wenige Schritte von der U-Bahn entfernt. Die Unterkunft verf\u00fcgt \u00fcber 21 Zimmer, darunter Doppelzimmer mit Blick auf den Innenhof, Blick auf die Stra\u00dfe, Doppelzimmer unter dem Dach, Familiensuiten und ein Zimmer mit Dusche im Erdgeschoss. Au\u00dferdem verf\u00fcgt sie \u00fcber einen Fitnessraum mit Technogym-Ger\u00e4ten.&quot;}\" data-sheets-userformat=\"{&quot;2&quot;:6401,&quot;3&quot;:{&quot;1&quot;:0,&quot;3&quot;:1},&quot;11&quot;:4,&quot;14&quot;:{&quot;1&quot;:3,&quot;3&quot;:1},&quot;15&quot;:&quot;Arial&quot;}\">Das Hotel Au Coeur de R\u00e9publique ist ein k\u00fcrzlich renoviertes Hotel mit Klimaanlage in einer ruhigen Stra\u00dfe in der N\u00e4he der Place de la R\u00e9publique und nur wenige Schritte von der U-Bahn entfernt. Die Unterkunft verf\u00fcgt \u00fcber 21 Zimmer, darunter Doppelzimmer mit Blick auf den Innenhof, Blick auf die Stra\u00dfe, Doppelzimmer unter dem Dach, Familiensuiten und ein Zimmer mit Dusche im Erdgeschoss. Au\u00dferdem verf\u00fcgt sie \u00fcber einen Fitnessraum mit Technogym-Ger\u00e4ten.<\/span><\/p>\n","protected":false},"excerpt":{"rendered":"<p>Das Hotel Au Coeur de R\u00e9publique ist ein k\u00fcrzlich renoviertes Hotel mit Klimaanlage in einer ruhigen Stra\u00dfe in der N\u00e4he der Place de la R\u00e9publique und nur wenige Schritte von der U-Bahn entfernt. Die Unterkunft verf\u00fcgt \u00fcber 21 Zimmer, darunter Doppelzimmer mit Blick auf den Innenhof, Blick auf die Stra\u00dfe, Doppelzimmer unter dem Dach, Familiensuiten [&hellip;]<\/p>\n","protected":false},"author":5,"featured_media":0,"parent":0,"menu_order":0,"comment_status":"closed","ping_status":"closed","template":"template-single-hotel.php","meta":{"footnotes":""},"class_list":["post-171","page","type-page","status-publish","hentry"],"yoast_head":"<!-- This site is optimized with the Yoast SEO plugin v26.9 - https:\/\/yoast.com\/product\/yoast-seo-wordpress\/ -->\n<title>Hotel Au C\u0153ur de R\u00e9publique - Groupe Coeur Paris<\/title>\n<meta name=\"description\" content=\"Das Hotel Au Coeur de R\u00e9publique ist ein k\u00fcrzlich renoviertes Hotel mit Klimaanlage in einer ruhigen Stra\u00dfe in der N\u00e4he der Place de la R\u00e9publique und nur\" \/>\n<meta name=\"robots\" content=\"index, follow, max-snippet:-1, max-image-preview:large, max-video-preview:-1\" \/>\n<link rel=\"canonical\" href=\"https:\/\/www.aucoeurparis.com\/de\/hotel-au-coeur-de-republique\/\" \/>\n<meta property=\"og:locale\" content=\"de_DE\" \/>\n<meta property=\"og:type\" content=\"article\" \/>\n<meta property=\"og:title\" content=\"Hotel Au C\u0153ur de R\u00e9publique - Groupe Coeur Paris\" \/>\n<meta property=\"og:description\" content=\"Das Hotel Au Coeur de R\u00e9publique ist ein k\u00fcrzlich renoviertes Hotel mit Klimaanlage in einer ruhigen Stra\u00dfe in der N\u00e4he der Place de la R\u00e9publique und nur\" \/>\n<meta property=\"og:url\" content=\"https:\/\/www.aucoeurparis.com\/de\/hotel-au-coeur-de-republique\/\" \/>\n<meta property=\"og:site_name\" content=\"Groupe Coeur Paris\" \/>\n<meta property=\"article:modified_time\" content=\"2022-12-13T13:29:21+00:00\" \/>\n<meta name=\"twitter:card\" content=\"summary_large_image\" \/>\n<meta name=\"twitter:label1\" content=\"Gesch\u00e4tzte Lesezeit\" \/>\n\t<meta name=\"twitter:data1\" content=\"1 Minute\" \/>\n<script type=\"application\/ld+json\" class=\"yoast-schema-graph\">{\"@context\":\"https:\/\/schema.org\",\"@graph\":[{\"@type\":\"WebPage\",\"@id\":\"https:\/\/www.aucoeurparis.com\/de\/hotel-au-coeur-de-republique\/\",\"url\":\"https:\/\/www.aucoeurparis.com\/de\/hotel-au-coeur-de-republique\/\",\"name\":\"Hotel Au C\u0153ur de R\u00e9publique - Groupe Coeur Paris\",\"isPartOf\":{\"@id\":\"https:\/\/www.aucoeurparis.com\/de\/#website\"},\"datePublished\":\"2021-12-10T16:51:37+00:00\",\"dateModified\":\"2022-12-13T13:29:21+00:00\",\"description\":\"Das Hotel Au Coeur de R\u00e9publique ist ein k\u00fcrzlich renoviertes Hotel mit Klimaanlage in einer ruhigen Stra\u00dfe in der N\u00e4he der Place de la R\u00e9publique und nur\",\"breadcrumb\":{\"@id\":\"https:\/\/www.aucoeurparis.com\/de\/hotel-au-coeur-de-republique\/#breadcrumb\"},\"inLanguage\":\"de-DE\",\"potentialAction\":[{\"@type\":\"ReadAction\",\"target\":[\"https:\/\/www.aucoeurparis.com\/de\/hotel-au-coeur-de-republique\/\"]}]},{\"@type\":\"BreadcrumbList\",\"@id\":\"https:\/\/www.aucoeurparis.com\/de\/hotel-au-coeur-de-republique\/#breadcrumb\",\"itemListElement\":[{\"@type\":\"ListItem\",\"position\":1,\"name\":\"Accueil\",\"item\":\"https:\/\/www.aucoeurparis.com\/de\/\"},{\"@type\":\"ListItem\",\"position\":2,\"name\":\"Hotel Au C\u0153ur de R\u00e9publique\"}]},{\"@type\":\"WebSite\",\"@id\":\"https:\/\/www.aucoeurparis.com\/de\/#website\",\"url\":\"https:\/\/www.aucoeurparis.com\/de\/\",\"name\":\"Groupe Coeur Paris\",\"description\":\"Un site utilisant ms.decms.eu\",\"potentialAction\":[{\"@type\":\"SearchAction\",\"target\":{\"@type\":\"EntryPoint\",\"urlTemplate\":\"https:\/\/www.aucoeurparis.com\/de\/?s={search_term_string}\"},\"query-input\":{\"@type\":\"PropertyValueSpecification\",\"valueRequired\":true,\"valueName\":\"search_term_string\"}}],\"inLanguage\":\"de-DE\"}]}<\/script>\n<!-- \/ Yoast SEO plugin. -->","yoast_head_json":{"title":"Hotel Au C\u0153ur de R\u00e9publique - Groupe Coeur Paris","description":"Das Hotel Au Coeur de R\u00e9publique ist ein k\u00fcrzlich renoviertes Hotel mit Klimaanlage in einer ruhigen Stra\u00dfe in der N\u00e4he der Place de la R\u00e9publique und nur","robots":{"index":"index","follow":"follow","max-snippet":"max-snippet:-1","max-image-preview":"max-image-preview:large","max-video-preview":"max-video-preview:-1"},"canonical":"https:\/\/www.aucoeurparis.com\/de\/hotel-au-coeur-de-republique\/","og_locale":"de_DE","og_type":"article","og_title":"Hotel Au C\u0153ur de R\u00e9publique - Groupe Coeur Paris","og_description":"Das Hotel Au Coeur de R\u00e9publique ist ein k\u00fcrzlich renoviertes Hotel mit Klimaanlage in einer ruhigen Stra\u00dfe in der N\u00e4he der Place de la R\u00e9publique und nur","og_url":"https:\/\/www.aucoeurparis.com\/de\/hotel-au-coeur-de-republique\/","og_site_name":"Groupe Coeur Paris","article_modified_time":"2022-12-13T13:29:21+00:00","twitter_card":"summary_large_image","twitter_misc":{"Gesch\u00e4tzte Lesezeit":"1 Minute"},"schema":{"@context":"https:\/\/schema.org","@graph":[{"@type":"WebPage","@id":"https:\/\/www.aucoeurparis.com\/de\/hotel-au-coeur-de-republique\/","url":"https:\/\/www.aucoeurparis.com\/de\/hotel-au-coeur-de-republique\/","name":"Hotel Au C\u0153ur de R\u00e9publique - Groupe Coeur Paris","isPartOf":{"@id":"https:\/\/www.aucoeurparis.com\/de\/#website"},"datePublished":"2021-12-10T16:51:37+00:00","dateModified":"2022-12-13T13:29:21+00:00","description":"Das Hotel Au Coeur de R\u00e9publique ist ein k\u00fcrzlich renoviertes Hotel mit Klimaanlage in einer ruhigen Stra\u00dfe in der N\u00e4he der Place de la R\u00e9publique und nur","breadcrumb":{"@id":"https:\/\/www.aucoeurparis.com\/de\/hotel-au-coeur-de-republique\/#breadcrumb"},"inLanguage":"de-DE","potentialAction":[{"@type":"ReadAction","target":["https:\/\/www.aucoeurparis.com\/de\/hotel-au-coeur-de-republique\/"]}]},{"@type":"BreadcrumbList","@id":"https:\/\/www.aucoeurparis.com\/de\/hotel-au-coeur-de-republique\/#breadcrumb","itemListElement":[{"@type":"ListItem","position":1,"name":"Accueil","item":"https:\/\/www.aucoeurparis.com\/de\/"},{"@type":"ListItem","position":2,"name":"Hotel Au C\u0153ur de R\u00e9publique"}]},{"@type":"WebSite","@id":"https:\/\/www.aucoeurparis.com\/de\/#website","url":"https:\/\/www.aucoeurparis.com\/de\/","name":"Groupe Coeur Paris","description":"Un site utilisant ms.decms.eu","potentialAction":[{"@type":"SearchAction","target":{"@type":"EntryPoint","urlTemplate":"https:\/\/www.aucoeurparis.com\/de\/?s={search_term_string}"},"query-input":{"@type":"PropertyValueSpecification","valueRequired":true,"valueName":"search_term_string"}}],"inLanguage":"de-DE"}]}},"acf":[],"_links":{"self":[{"href":"https:\/\/www.aucoeurparis.com\/de\/wp-json\/wp\/v2\/pages\/171","targetHints":{"allow":["GET"]}}],"collection":[{"href":"https:\/\/www.aucoeurparis.com\/de\/wp-json\/wp\/v2\/pages"}],"about":[{"href":"https:\/\/www.aucoeurparis.com\/de\/wp-json\/wp\/v2\/types\/page"}],"author":[{"embeddable":true,"href":"https:\/\/www.aucoeurparis.com\/de\/wp-json\/wp\/v2\/users\/5"}],"replies":[{"embeddable":true,"href":"https:\/\/www.aucoeurparis.com\/de\/wp-json\/wp\/v2\/comments?post=171"}],"version-history":[{"count":0,"href":"https:\/\/www.aucoeurparis.com\/de\/wp-json\/wp\/v2\/pages\/171\/revisions"}],"wp:attachment":[{"href":"https:\/\/www.aucoeurparis.com\/de\/wp-json\/wp\/v2\/media?parent=171"}],"curies":[{"name":"wp","href":"https:\/\/api.w.org\/{rel}","templated":true}]}}