{"id":453,"date":"2025-11-17T16:02:57","date_gmt":"2025-11-17T15:02:57","guid":{"rendered":"https:\/\/www.aucoeurparis.com\/?page_id=453"},"modified":"2025-11-17T16:08:29","modified_gmt":"2025-11-17T15:08:29","slug":"les-suites-tour-eiffel","status":"publish","type":"page","link":"https:\/\/www.aucoeurparis.com\/de\/les-suites-tour-eiffel\/","title":{"rendered":"Les Suites Tour Eiffel"},"content":{"rendered":"<p>Die Suiten Tour Eiffel sind ein neu renoviertes Hotel mit einem ganz neuen Konzept eines Aparthotels. Das Hotel befindet sich in der Viala-Stra\u00dfe, einer ruhigen Stra\u00dfe im 15. Arrondissement, nur 10 Gehminuten vom Eiffelturm und dem Champ de Mars entfernt und nur einen Katzensprung von der Metrostation Dupleix.<\/p>\n<p>Die 10 Apartments sind klimatisiert.<\/p>\n<p>Die K\u00fcchenzeile ist ausgestattet mit einem Kochfeld, einem K\u00fchlschrank, einer Mikrowelle, einem Wasserkocher, einer Nespresso-Kaffeemaschine und allen notwendigen Utensilien, um eine k\u00f6stliche Mahlzeit zuzubereiten.<\/p>\n<p>Das moderne Badezimmer ist mit Marmorfliesen versehen und verf\u00fcgt \u00fcber eine Dusche und ein WC. Handt\u00fccher werden bereitgestellt.<\/p>\n<p>Wir stellen auch einen Haartrockner und einen Safe im Apartment zur Verf\u00fcgung.<\/p>\n<p>Das Hotel verf\u00fcgt \u00fcber einen Aufzug. Es ist au\u00dferdem mit einem Fitnessraum ausgestattet, der mit Technogym-Ger\u00e4ten ausgestattet ist.<\/p>\n<p>Wir haben die Annehmlichkeiten eines Apartments mit dem Komfort und den Dienstleistungen eines Hotels kombiniert.<\/p>\n","protected":false},"excerpt":{"rendered":"<p>Die Suiten Tour Eiffel sind ein neu renoviertes Hotel mit einem ganz neuen Konzept eines Aparthotels. Das Hotel befindet sich in der Viala-Stra\u00dfe, einer ruhigen Stra\u00dfe im 15. Arrondissement, nur 10 Gehminuten vom Eiffelturm und dem Champ de Mars entfernt und nur einen Katzensprung von der Metrostation Dupleix. Die 10 Apartments sind klimatisiert. Die K\u00fcchenzeile [&hellip;]<\/p>\n","protected":false},"author":429,"featured_media":0,"parent":0,"menu_order":0,"comment_status":"closed","ping_status":"closed","template":"template-single-hotel.php","meta":{"footnotes":""},"class_list":["post-453","page","type-page","status-publish","hentry"],"yoast_head":"<!-- This site is optimized with the Yoast SEO plugin v26.9 - https:\/\/yoast.com\/product\/yoast-seo-wordpress\/ -->\n<title>Les Suites Tour Eiffel - Groupe Coeur Paris<\/title>\n<meta name=\"description\" content=\"Die Suiten Tour Eiffel sind ein neu renoviertes Hotel mit einem ganz neuen Konzept eines Aparthotels. Das Hotel befindet sich in der Viala-Stra\u00dfe, einer\" \/>\n<meta name=\"robots\" content=\"index, follow, max-snippet:-1, max-image-preview:large, max-video-preview:-1\" \/>\n<link rel=\"canonical\" href=\"https:\/\/www.aucoeurparis.com\/de\/les-suites-tour-eiffel\/\" \/>\n<meta property=\"og:locale\" content=\"de_DE\" \/>\n<meta property=\"og:type\" content=\"article\" \/>\n<meta property=\"og:title\" content=\"Les Suites Tour Eiffel - Groupe Coeur Paris\" \/>\n<meta property=\"og:description\" content=\"Die Suiten Tour Eiffel sind ein neu renoviertes Hotel mit einem ganz neuen Konzept eines Aparthotels. Das Hotel befindet sich in der Viala-Stra\u00dfe, einer\" \/>\n<meta property=\"og:url\" content=\"https:\/\/www.aucoeurparis.com\/de\/les-suites-tour-eiffel\/\" \/>\n<meta property=\"og:site_name\" content=\"Groupe Coeur Paris\" \/>\n<meta property=\"article:modified_time\" content=\"2025-11-17T15:08:29+00:00\" \/>\n<meta name=\"twitter:card\" content=\"summary_large_image\" \/>\n<meta name=\"twitter:label1\" content=\"Gesch\u00e4tzte Lesezeit\" \/>\n\t<meta name=\"twitter:data1\" content=\"1 Minute\" \/>\n<script type=\"application\/ld+json\" class=\"yoast-schema-graph\">{\"@context\":\"https:\/\/schema.org\",\"@graph\":[{\"@type\":\"WebPage\",\"@id\":\"https:\/\/www.aucoeurparis.com\/de\/les-suites-tour-eiffel\/\",\"url\":\"https:\/\/www.aucoeurparis.com\/de\/les-suites-tour-eiffel\/\",\"name\":\"Les Suites Tour Eiffel - Groupe Coeur Paris\",\"isPartOf\":{\"@id\":\"https:\/\/www.aucoeurparis.com\/de\/#website\"},\"datePublished\":\"2025-11-17T15:02:57+00:00\",\"dateModified\":\"2025-11-17T15:08:29+00:00\",\"description\":\"Die Suiten Tour Eiffel sind ein neu renoviertes Hotel mit einem ganz neuen Konzept eines Aparthotels. Das Hotel befindet sich in der Viala-Stra\u00dfe, einer\",\"breadcrumb\":{\"@id\":\"https:\/\/www.aucoeurparis.com\/de\/les-suites-tour-eiffel\/#breadcrumb\"},\"inLanguage\":\"de-DE\",\"potentialAction\":[{\"@type\":\"ReadAction\",\"target\":[\"https:\/\/www.aucoeurparis.com\/de\/les-suites-tour-eiffel\/\"]}]},{\"@type\":\"BreadcrumbList\",\"@id\":\"https:\/\/www.aucoeurparis.com\/de\/les-suites-tour-eiffel\/#breadcrumb\",\"itemListElement\":[{\"@type\":\"ListItem\",\"position\":1,\"name\":\"Accueil\",\"item\":\"https:\/\/www.aucoeurparis.com\/de\/\"},{\"@type\":\"ListItem\",\"position\":2,\"name\":\"Les Suites Tour Eiffel\"}]},{\"@type\":\"WebSite\",\"@id\":\"https:\/\/www.aucoeurparis.com\/de\/#website\",\"url\":\"https:\/\/www.aucoeurparis.com\/de\/\",\"name\":\"Groupe Coeur Paris\",\"description\":\"Un site utilisant ms.decms.eu\",\"potentialAction\":[{\"@type\":\"SearchAction\",\"target\":{\"@type\":\"EntryPoint\",\"urlTemplate\":\"https:\/\/www.aucoeurparis.com\/de\/?s={search_term_string}\"},\"query-input\":{\"@type\":\"PropertyValueSpecification\",\"valueRequired\":true,\"valueName\":\"search_term_string\"}}],\"inLanguage\":\"de-DE\"}]}<\/script>\n<!-- \/ Yoast SEO plugin. -->","yoast_head_json":{"title":"Les Suites Tour Eiffel - Groupe Coeur Paris","description":"Die Suiten Tour Eiffel sind ein neu renoviertes Hotel mit einem ganz neuen Konzept eines Aparthotels. Das Hotel befindet sich in der Viala-Stra\u00dfe, einer","robots":{"index":"index","follow":"follow","max-snippet":"max-snippet:-1","max-image-preview":"max-image-preview:large","max-video-preview":"max-video-preview:-1"},"canonical":"https:\/\/www.aucoeurparis.com\/de\/les-suites-tour-eiffel\/","og_locale":"de_DE","og_type":"article","og_title":"Les Suites Tour Eiffel - Groupe Coeur Paris","og_description":"Die Suiten Tour Eiffel sind ein neu renoviertes Hotel mit einem ganz neuen Konzept eines Aparthotels. Das Hotel befindet sich in der Viala-Stra\u00dfe, einer","og_url":"https:\/\/www.aucoeurparis.com\/de\/les-suites-tour-eiffel\/","og_site_name":"Groupe Coeur Paris","article_modified_time":"2025-11-17T15:08:29+00:00","twitter_card":"summary_large_image","twitter_misc":{"Gesch\u00e4tzte Lesezeit":"1 Minute"},"schema":{"@context":"https:\/\/schema.org","@graph":[{"@type":"WebPage","@id":"https:\/\/www.aucoeurparis.com\/de\/les-suites-tour-eiffel\/","url":"https:\/\/www.aucoeurparis.com\/de\/les-suites-tour-eiffel\/","name":"Les Suites Tour Eiffel - Groupe Coeur Paris","isPartOf":{"@id":"https:\/\/www.aucoeurparis.com\/de\/#website"},"datePublished":"2025-11-17T15:02:57+00:00","dateModified":"2025-11-17T15:08:29+00:00","description":"Die Suiten Tour Eiffel sind ein neu renoviertes Hotel mit einem ganz neuen Konzept eines Aparthotels. Das Hotel befindet sich in der Viala-Stra\u00dfe, einer","breadcrumb":{"@id":"https:\/\/www.aucoeurparis.com\/de\/les-suites-tour-eiffel\/#breadcrumb"},"inLanguage":"de-DE","potentialAction":[{"@type":"ReadAction","target":["https:\/\/www.aucoeurparis.com\/de\/les-suites-tour-eiffel\/"]}]},{"@type":"BreadcrumbList","@id":"https:\/\/www.aucoeurparis.com\/de\/les-suites-tour-eiffel\/#breadcrumb","itemListElement":[{"@type":"ListItem","position":1,"name":"Accueil","item":"https:\/\/www.aucoeurparis.com\/de\/"},{"@type":"ListItem","position":2,"name":"Les Suites Tour Eiffel"}]},{"@type":"WebSite","@id":"https:\/\/www.aucoeurparis.com\/de\/#website","url":"https:\/\/www.aucoeurparis.com\/de\/","name":"Groupe Coeur Paris","description":"Un site utilisant ms.decms.eu","potentialAction":[{"@type":"SearchAction","target":{"@type":"EntryPoint","urlTemplate":"https:\/\/www.aucoeurparis.com\/de\/?s={search_term_string}"},"query-input":{"@type":"PropertyValueSpecification","valueRequired":true,"valueName":"search_term_string"}}],"inLanguage":"de-DE"}]}},"acf":[],"_links":{"self":[{"href":"https:\/\/www.aucoeurparis.com\/de\/wp-json\/wp\/v2\/pages\/453","targetHints":{"allow":["GET"]}}],"collection":[{"href":"https:\/\/www.aucoeurparis.com\/de\/wp-json\/wp\/v2\/pages"}],"about":[{"href":"https:\/\/www.aucoeurparis.com\/de\/wp-json\/wp\/v2\/types\/page"}],"author":[{"embeddable":true,"href":"https:\/\/www.aucoeurparis.com\/de\/wp-json\/wp\/v2\/users\/429"}],"replies":[{"embeddable":true,"href":"https:\/\/www.aucoeurparis.com\/de\/wp-json\/wp\/v2\/comments?post=453"}],"version-history":[{"count":0,"href":"https:\/\/www.aucoeurparis.com\/de\/wp-json\/wp\/v2\/pages\/453\/revisions"}],"wp:attachment":[{"href":"https:\/\/www.aucoeurparis.com\/de\/wp-json\/wp\/v2\/media?parent=453"}],"curies":[{"name":"wp","href":"https:\/\/api.w.org\/{rel}","templated":true}]}}