{"id":143,"date":"2021-12-10T15:05:11","date_gmt":"2021-12-10T14:05:11","guid":{"rendered":"https:\/\/www.aucoeurparis.com\/hotels-au-coeur-de-paris\/"},"modified":"2023-10-12T16:38:44","modified_gmt":"2023-10-12T14:38:44","slug":"hoteles-en-paris","status":"publish","type":"page","link":"https:\/\/www.aucoeurparis.com\/es\/","title":{"rendered":"Hoteles en Par\u00eds"},"content":{"rendered":"<p>Todos nuestros hoteles disfrutan de una ubicaci\u00f3n ideal en el coraz\u00f3n de Par\u00eds, en el barrio le Marais, cerca de la Place de la R\u00e9publique. Su ubicaci\u00f3n privilegiada permite llegar a pie a la mayor\u00eda de los lugares emblem\u00e1ticos, museos, teatros, galer\u00edas, tiendas, restaurantes, bares, caf\u00e9s y numerosas l\u00edneas de metro y autob\u00fas.<\/p>\n<p>Nuestros hoteles son ideales para hacer turismo en solitario o en familia, as\u00ed como para viajes de negocios. Estaremos encantados de recibirle en una de las habitaciones o suites de nuestros hoteles.<\/p>\n","protected":false},"excerpt":{"rendered":"<p>Todos nuestros hoteles disfrutan de una ubicaci\u00f3n ideal en el coraz\u00f3n de Par\u00eds, en el barrio le Marais, cerca de la Place de la R\u00e9publique. Su ubicaci\u00f3n privilegiada permite llegar a pie a la mayor\u00eda de los lugares emblem\u00e1ticos, museos, teatros, galer\u00edas, tiendas, restaurantes, bares, caf\u00e9s y numerosas l\u00edneas de metro y autob\u00fas. Nuestros hoteles [&hellip;]<\/p>\n","protected":false},"author":5,"featured_media":0,"parent":0,"menu_order":0,"comment_status":"closed","ping_status":"closed","template":"","meta":{"footnotes":""},"class_list":["post-143","page","type-page","status-publish","hentry"],"yoast_head":"<!-- This site is optimized with the Yoast SEO plugin v26.9 - https:\/\/yoast.com\/product\/yoast-seo-wordpress\/ -->\n<title>Hoteles en Par\u00eds - Groupe Coeur Paris<\/title>\n<meta name=\"description\" content=\"Todos nuestros hoteles disfrutan de una ubicaci\u00f3n ideal en el coraz\u00f3n de Par\u00eds, en el barrio le Marais, cerca de la Place de la R\u00e9publique. Su ubicaci\u00f3n\" \/>\n<meta name=\"robots\" content=\"index, follow, max-snippet:-1, max-image-preview:large, max-video-preview:-1\" \/>\n<link rel=\"canonical\" href=\"https:\/\/www.aucoeurparis.com\/es\/\" \/>\n<meta property=\"og:locale\" content=\"es_ES\" \/>\n<meta property=\"og:type\" content=\"article\" \/>\n<meta property=\"og:title\" content=\"Hoteles en Par\u00eds - Groupe Coeur Paris\" \/>\n<meta property=\"og:description\" content=\"Todos nuestros hoteles disfrutan de una ubicaci\u00f3n ideal en el coraz\u00f3n de Par\u00eds, en el barrio le Marais, cerca de la Place de la R\u00e9publique. Su ubicaci\u00f3n\" \/>\n<meta property=\"og:url\" content=\"https:\/\/www.aucoeurparis.com\/es\/\" \/>\n<meta property=\"og:site_name\" content=\"Groupe Coeur Paris\" \/>\n<meta property=\"article:modified_time\" content=\"2023-10-12T14:38:44+00:00\" \/>\n<meta name=\"twitter:card\" content=\"summary_large_image\" \/>\n<script type=\"application\/ld+json\" class=\"yoast-schema-graph\">{\"@context\":\"https:\/\/schema.org\",\"@graph\":[{\"@type\":\"WebPage\",\"@id\":\"https:\/\/www.aucoeurparis.com\/es\/\",\"url\":\"https:\/\/www.aucoeurparis.com\/es\/\",\"name\":\"Hoteles en Par\u00eds - Groupe Coeur Paris\",\"isPartOf\":{\"@id\":\"https:\/\/www.aucoeurparis.com\/es\/#website\"},\"datePublished\":\"2021-12-10T14:05:11+00:00\",\"dateModified\":\"2023-10-12T14:38:44+00:00\",\"description\":\"Todos nuestros hoteles disfrutan de una ubicaci\u00f3n ideal en el coraz\u00f3n de Par\u00eds, en el barrio le Marais, cerca de la Place de la R\u00e9publique. Su ubicaci\u00f3n\",\"breadcrumb\":{\"@id\":\"https:\/\/www.aucoeurparis.com\/es\/#breadcrumb\"},\"inLanguage\":\"es\",\"potentialAction\":[{\"@type\":\"ReadAction\",\"target\":[\"https:\/\/www.aucoeurparis.com\/es\/\"]}]},{\"@type\":\"BreadcrumbList\",\"@id\":\"https:\/\/www.aucoeurparis.com\/es\/#breadcrumb\",\"itemListElement\":[{\"@type\":\"ListItem\",\"position\":1,\"name\":\"Accueil\",\"item\":\"https:\/\/www.aucoeurparis.com\/es\/\"},{\"@type\":\"ListItem\",\"position\":2,\"name\":\"Hoteles en Par\u00eds\"}]},{\"@type\":\"WebSite\",\"@id\":\"https:\/\/www.aucoeurparis.com\/es\/#website\",\"url\":\"https:\/\/www.aucoeurparis.com\/es\/\",\"name\":\"Groupe Coeur Paris\",\"description\":\"Un site utilisant ms.decms.eu\",\"potentialAction\":[{\"@type\":\"SearchAction\",\"target\":{\"@type\":\"EntryPoint\",\"urlTemplate\":\"https:\/\/www.aucoeurparis.com\/es\/?s={search_term_string}\"},\"query-input\":{\"@type\":\"PropertyValueSpecification\",\"valueRequired\":true,\"valueName\":\"search_term_string\"}}],\"inLanguage\":\"es\"}]}<\/script>\n<!-- \/ Yoast SEO plugin. -->","yoast_head_json":{"title":"Hoteles en Par\u00eds - Groupe Coeur Paris","description":"Todos nuestros hoteles disfrutan de una ubicaci\u00f3n ideal en el coraz\u00f3n de Par\u00eds, en el barrio le Marais, cerca de la Place de la R\u00e9publique. Su ubicaci\u00f3n","robots":{"index":"index","follow":"follow","max-snippet":"max-snippet:-1","max-image-preview":"max-image-preview:large","max-video-preview":"max-video-preview:-1"},"canonical":"https:\/\/www.aucoeurparis.com\/es\/","og_locale":"es_ES","og_type":"article","og_title":"Hoteles en Par\u00eds - Groupe Coeur Paris","og_description":"Todos nuestros hoteles disfrutan de una ubicaci\u00f3n ideal en el coraz\u00f3n de Par\u00eds, en el barrio le Marais, cerca de la Place de la R\u00e9publique. Su ubicaci\u00f3n","og_url":"https:\/\/www.aucoeurparis.com\/es\/","og_site_name":"Groupe Coeur Paris","article_modified_time":"2023-10-12T14:38:44+00:00","twitter_card":"summary_large_image","schema":{"@context":"https:\/\/schema.org","@graph":[{"@type":"WebPage","@id":"https:\/\/www.aucoeurparis.com\/es\/","url":"https:\/\/www.aucoeurparis.com\/es\/","name":"Hoteles en Par\u00eds - Groupe Coeur Paris","isPartOf":{"@id":"https:\/\/www.aucoeurparis.com\/es\/#website"},"datePublished":"2021-12-10T14:05:11+00:00","dateModified":"2023-10-12T14:38:44+00:00","description":"Todos nuestros hoteles disfrutan de una ubicaci\u00f3n ideal en el coraz\u00f3n de Par\u00eds, en el barrio le Marais, cerca de la Place de la R\u00e9publique. Su ubicaci\u00f3n","breadcrumb":{"@id":"https:\/\/www.aucoeurparis.com\/es\/#breadcrumb"},"inLanguage":"es","potentialAction":[{"@type":"ReadAction","target":["https:\/\/www.aucoeurparis.com\/es\/"]}]},{"@type":"BreadcrumbList","@id":"https:\/\/www.aucoeurparis.com\/es\/#breadcrumb","itemListElement":[{"@type":"ListItem","position":1,"name":"Accueil","item":"https:\/\/www.aucoeurparis.com\/es\/"},{"@type":"ListItem","position":2,"name":"Hoteles en Par\u00eds"}]},{"@type":"WebSite","@id":"https:\/\/www.aucoeurparis.com\/es\/#website","url":"https:\/\/www.aucoeurparis.com\/es\/","name":"Groupe Coeur Paris","description":"Un site utilisant ms.decms.eu","potentialAction":[{"@type":"SearchAction","target":{"@type":"EntryPoint","urlTemplate":"https:\/\/www.aucoeurparis.com\/es\/?s={search_term_string}"},"query-input":{"@type":"PropertyValueSpecification","valueRequired":true,"valueName":"search_term_string"}}],"inLanguage":"es"}]}},"acf":[],"_links":{"self":[{"href":"https:\/\/www.aucoeurparis.com\/es\/wp-json\/wp\/v2\/pages\/143","targetHints":{"allow":["GET"]}}],"collection":[{"href":"https:\/\/www.aucoeurparis.com\/es\/wp-json\/wp\/v2\/pages"}],"about":[{"href":"https:\/\/www.aucoeurparis.com\/es\/wp-json\/wp\/v2\/types\/page"}],"author":[{"embeddable":true,"href":"https:\/\/www.aucoeurparis.com\/es\/wp-json\/wp\/v2\/users\/5"}],"replies":[{"embeddable":true,"href":"https:\/\/www.aucoeurparis.com\/es\/wp-json\/wp\/v2\/comments?post=143"}],"version-history":[{"count":0,"href":"https:\/\/www.aucoeurparis.com\/es\/wp-json\/wp\/v2\/pages\/143\/revisions"}],"wp:attachment":[{"href":"https:\/\/www.aucoeurparis.com\/es\/wp-json\/wp\/v2\/media?parent=143"}],"curies":[{"name":"wp","href":"https:\/\/api.w.org\/{rel}","templated":true}]}}