{"id":164,"date":"2021-12-10T17:51:10","date_gmt":"2021-12-10T16:51:10","guid":{"rendered":"https:\/\/www.aucoeurparis.com\/hotel-au-coeur-des-arts-et-metiers\/"},"modified":"2022-12-14T12:11:14","modified_gmt":"2022-12-14T11:11:14","slug":"hotel-au-coeur-des-arts-et-metiers","status":"publish","type":"page","link":"https:\/\/www.aucoeurparis.com\/es\/hotel-au-coeur-des-arts-et-metiers\/","title":{"rendered":"Hotel Au C\u0153ur des Arts et M\u00e9tiers"},"content":{"rendered":"<p><span data-sheets-value=\"{&quot;1&quot;:2,&quot;2&quot;:&quot;El Hotel Au C\u0153ur des Arts et M\u00e9tiers es un hotel totalmente renovado, con ascensor y aire acondicionado, situado en una calle tranquila del coraz\u00f3n del Marais. El establecimiento dispone de 27 habitaciones, habitaciones dobles con vistas al patio y a la calle, una habitaci\u00f3n doble con patio, una suite familiar y una habitaci\u00f3n doble en la planta baja.&quot;}\" data-sheets-userformat=\"{&quot;2&quot;:6401,&quot;3&quot;:{&quot;1&quot;:0,&quot;3&quot;:1},&quot;11&quot;:4,&quot;14&quot;:{&quot;1&quot;:3,&quot;3&quot;:1},&quot;15&quot;:&quot;Arial&quot;}\">El Hotel Au C\u0153ur des Arts et M\u00e9tiers es un hotel totalmente renovado, con ascensor y aire acondicionado, situado en una calle tranquila del coraz\u00f3n del Marais. El establecimiento dispone de 27 habitaciones, habitaciones dobles con vistas al patio y a la calle, una habitaci\u00f3n doble con patio, una suite familiar y una habitaci\u00f3n doble en la planta baja.<\/span><\/p>\n","protected":false},"excerpt":{"rendered":"<p>El Hotel Au C\u0153ur des Arts et M\u00e9tiers es un hotel totalmente renovado, con ascensor y aire acondicionado, situado en una calle tranquila del coraz\u00f3n del Marais. El establecimiento dispone de 27 habitaciones, habitaciones dobles con vistas al patio y a la calle, una habitaci\u00f3n doble con patio, una suite familiar y una habitaci\u00f3n doble [&hellip;]<\/p>\n","protected":false},"author":5,"featured_media":0,"parent":0,"menu_order":0,"comment_status":"closed","ping_status":"closed","template":"template-single-hotel.php","meta":{"footnotes":""},"class_list":["post-164","page","type-page","status-publish","hentry"],"yoast_head":"<!-- This site is optimized with the Yoast SEO plugin v26.9 - https:\/\/yoast.com\/product\/yoast-seo-wordpress\/ -->\n<title>Hotel Au C\u0153ur des Arts et M\u00e9tiers - Groupe Coeur Paris<\/title>\n<meta name=\"description\" content=\"El Hotel Au C\u0153ur des Arts et M\u00e9tiers es un hotel totalmente renovado, con ascensor y aire acondicionado, situado en una calle tranquila del coraz\u00f3n del\" \/>\n<meta name=\"robots\" content=\"index, follow, max-snippet:-1, max-image-preview:large, max-video-preview:-1\" \/>\n<link rel=\"canonical\" href=\"https:\/\/www.aucoeurparis.com\/es\/hotel-au-coeur-des-arts-et-metiers\/\" \/>\n<meta property=\"og:locale\" content=\"es_ES\" \/>\n<meta property=\"og:type\" content=\"article\" \/>\n<meta property=\"og:title\" content=\"Hotel Au C\u0153ur des Arts et M\u00e9tiers - Groupe Coeur Paris\" \/>\n<meta property=\"og:description\" content=\"El Hotel Au C\u0153ur des Arts et M\u00e9tiers es un hotel totalmente renovado, con ascensor y aire acondicionado, situado en una calle tranquila del coraz\u00f3n del\" \/>\n<meta property=\"og:url\" content=\"https:\/\/www.aucoeurparis.com\/es\/hotel-au-coeur-des-arts-et-metiers\/\" \/>\n<meta property=\"og:site_name\" content=\"Groupe Coeur Paris\" \/>\n<meta property=\"article:modified_time\" content=\"2022-12-14T11:11:14+00:00\" \/>\n<meta name=\"twitter:card\" content=\"summary_large_image\" \/>\n<meta name=\"twitter:label1\" content=\"Tiempo de lectura\" \/>\n\t<meta name=\"twitter:data1\" content=\"1 minuto\" \/>\n<script type=\"application\/ld+json\" class=\"yoast-schema-graph\">{\"@context\":\"https:\/\/schema.org\",\"@graph\":[{\"@type\":\"WebPage\",\"@id\":\"https:\/\/www.aucoeurparis.com\/es\/hotel-au-coeur-des-arts-et-metiers\/\",\"url\":\"https:\/\/www.aucoeurparis.com\/es\/hotel-au-coeur-des-arts-et-metiers\/\",\"name\":\"Hotel Au C\u0153ur des Arts et M\u00e9tiers - Groupe Coeur Paris\",\"isPartOf\":{\"@id\":\"https:\/\/www.aucoeurparis.com\/es\/#website\"},\"datePublished\":\"2021-12-10T16:51:10+00:00\",\"dateModified\":\"2022-12-14T11:11:14+00:00\",\"description\":\"El Hotel Au C\u0153ur des Arts et M\u00e9tiers es un hotel totalmente renovado, con ascensor y aire acondicionado, situado en una calle tranquila del coraz\u00f3n del\",\"breadcrumb\":{\"@id\":\"https:\/\/www.aucoeurparis.com\/es\/hotel-au-coeur-des-arts-et-metiers\/#breadcrumb\"},\"inLanguage\":\"es\",\"potentialAction\":[{\"@type\":\"ReadAction\",\"target\":[\"https:\/\/www.aucoeurparis.com\/es\/hotel-au-coeur-des-arts-et-metiers\/\"]}]},{\"@type\":\"BreadcrumbList\",\"@id\":\"https:\/\/www.aucoeurparis.com\/es\/hotel-au-coeur-des-arts-et-metiers\/#breadcrumb\",\"itemListElement\":[{\"@type\":\"ListItem\",\"position\":1,\"name\":\"Accueil\",\"item\":\"https:\/\/www.aucoeurparis.com\/es\/\"},{\"@type\":\"ListItem\",\"position\":2,\"name\":\"Hotel Au C\u0153ur des Arts et M\u00e9tiers\"}]},{\"@type\":\"WebSite\",\"@id\":\"https:\/\/www.aucoeurparis.com\/es\/#website\",\"url\":\"https:\/\/www.aucoeurparis.com\/es\/\",\"name\":\"Groupe Coeur Paris\",\"description\":\"Un site utilisant ms.decms.eu\",\"potentialAction\":[{\"@type\":\"SearchAction\",\"target\":{\"@type\":\"EntryPoint\",\"urlTemplate\":\"https:\/\/www.aucoeurparis.com\/es\/?s={search_term_string}\"},\"query-input\":{\"@type\":\"PropertyValueSpecification\",\"valueRequired\":true,\"valueName\":\"search_term_string\"}}],\"inLanguage\":\"es\"}]}<\/script>\n<!-- \/ Yoast SEO plugin. -->","yoast_head_json":{"title":"Hotel Au C\u0153ur des Arts et M\u00e9tiers - Groupe Coeur Paris","description":"El Hotel Au C\u0153ur des Arts et M\u00e9tiers es un hotel totalmente renovado, con ascensor y aire acondicionado, situado en una calle tranquila del coraz\u00f3n del","robots":{"index":"index","follow":"follow","max-snippet":"max-snippet:-1","max-image-preview":"max-image-preview:large","max-video-preview":"max-video-preview:-1"},"canonical":"https:\/\/www.aucoeurparis.com\/es\/hotel-au-coeur-des-arts-et-metiers\/","og_locale":"es_ES","og_type":"article","og_title":"Hotel Au C\u0153ur des Arts et M\u00e9tiers - Groupe Coeur Paris","og_description":"El Hotel Au C\u0153ur des Arts et M\u00e9tiers es un hotel totalmente renovado, con ascensor y aire acondicionado, situado en una calle tranquila del coraz\u00f3n del","og_url":"https:\/\/www.aucoeurparis.com\/es\/hotel-au-coeur-des-arts-et-metiers\/","og_site_name":"Groupe Coeur Paris","article_modified_time":"2022-12-14T11:11:14+00:00","twitter_card":"summary_large_image","twitter_misc":{"Tiempo de lectura":"1 minuto"},"schema":{"@context":"https:\/\/schema.org","@graph":[{"@type":"WebPage","@id":"https:\/\/www.aucoeurparis.com\/es\/hotel-au-coeur-des-arts-et-metiers\/","url":"https:\/\/www.aucoeurparis.com\/es\/hotel-au-coeur-des-arts-et-metiers\/","name":"Hotel Au C\u0153ur des Arts et M\u00e9tiers - Groupe Coeur Paris","isPartOf":{"@id":"https:\/\/www.aucoeurparis.com\/es\/#website"},"datePublished":"2021-12-10T16:51:10+00:00","dateModified":"2022-12-14T11:11:14+00:00","description":"El Hotel Au C\u0153ur des Arts et M\u00e9tiers es un hotel totalmente renovado, con ascensor y aire acondicionado, situado en una calle tranquila del coraz\u00f3n del","breadcrumb":{"@id":"https:\/\/www.aucoeurparis.com\/es\/hotel-au-coeur-des-arts-et-metiers\/#breadcrumb"},"inLanguage":"es","potentialAction":[{"@type":"ReadAction","target":["https:\/\/www.aucoeurparis.com\/es\/hotel-au-coeur-des-arts-et-metiers\/"]}]},{"@type":"BreadcrumbList","@id":"https:\/\/www.aucoeurparis.com\/es\/hotel-au-coeur-des-arts-et-metiers\/#breadcrumb","itemListElement":[{"@type":"ListItem","position":1,"name":"Accueil","item":"https:\/\/www.aucoeurparis.com\/es\/"},{"@type":"ListItem","position":2,"name":"Hotel Au C\u0153ur des Arts et M\u00e9tiers"}]},{"@type":"WebSite","@id":"https:\/\/www.aucoeurparis.com\/es\/#website","url":"https:\/\/www.aucoeurparis.com\/es\/","name":"Groupe Coeur Paris","description":"Un site utilisant ms.decms.eu","potentialAction":[{"@type":"SearchAction","target":{"@type":"EntryPoint","urlTemplate":"https:\/\/www.aucoeurparis.com\/es\/?s={search_term_string}"},"query-input":{"@type":"PropertyValueSpecification","valueRequired":true,"valueName":"search_term_string"}}],"inLanguage":"es"}]}},"acf":[],"_links":{"self":[{"href":"https:\/\/www.aucoeurparis.com\/es\/wp-json\/wp\/v2\/pages\/164","targetHints":{"allow":["GET"]}}],"collection":[{"href":"https:\/\/www.aucoeurparis.com\/es\/wp-json\/wp\/v2\/pages"}],"about":[{"href":"https:\/\/www.aucoeurparis.com\/es\/wp-json\/wp\/v2\/types\/page"}],"author":[{"embeddable":true,"href":"https:\/\/www.aucoeurparis.com\/es\/wp-json\/wp\/v2\/users\/5"}],"replies":[{"embeddable":true,"href":"https:\/\/www.aucoeurparis.com\/es\/wp-json\/wp\/v2\/comments?post=164"}],"version-history":[{"count":0,"href":"https:\/\/www.aucoeurparis.com\/es\/wp-json\/wp\/v2\/pages\/164\/revisions"}],"wp:attachment":[{"href":"https:\/\/www.aucoeurparis.com\/es\/wp-json\/wp\/v2\/media?parent=164"}],"curies":[{"name":"wp","href":"https:\/\/api.w.org\/{rel}","templated":true}]}}