{"id":363,"date":"2024-10-21T12:07:13","date_gmt":"2024-10-21T10:07:13","guid":{"rendered":"https:\/\/www.aucoeurparis.com\/?page_id=363"},"modified":"2024-10-21T12:14:58","modified_gmt":"2024-10-21T10:14:58","slug":"363-2","status":"publish","type":"page","link":"https:\/\/www.aucoeurparis.com\/es\/363-2\/","title":{"rendered":""},"content":{"rendered":"<p>Les Suites HCR es un hotel nuevo construido recientemente con un concepto de apartamento totalmente nuevo. El hotel est\u00e1 situado en un tranquilo pasaje cerca de la plaza de la Rep\u00fablica y a dos pasos del metro. Los 6 apartamentos est\u00e1n climatizados, disponen de una cocina y est\u00e1n totalmente equipados con una m\u00e1quina Nespresso. El hotel dispone de un ascensor. Tambi\u00e9n est\u00e1 equipado con un gimnasio con equipos Technogym. Hemos combinado las facilidades de un apartamento con las comodidades y servicios de un hotel.<\/p>\n","protected":false},"excerpt":{"rendered":"<p>Les Suites HCR es un hotel nuevo construido recientemente con un concepto de apartamento totalmente nuevo. El hotel est\u00e1 situado en un tranquilo pasaje cerca de la plaza de la Rep\u00fablica y a dos pasos del metro. Los 6 apartamentos est\u00e1n climatizados, disponen de una cocina y est\u00e1n totalmente equipados con una m\u00e1quina Nespresso. El [&hellip;]<\/p>\n","protected":false},"author":429,"featured_media":0,"parent":0,"menu_order":0,"comment_status":"closed","ping_status":"closed","template":"template-single-hotel.php","meta":{"footnotes":""},"class_list":["post-363","page","type-page","status-publish","hentry"],"yoast_head":"<!-- This site is optimized with the Yoast SEO plugin v26.9 - https:\/\/yoast.com\/product\/yoast-seo-wordpress\/ -->\n<title>- Groupe Coeur Paris<\/title>\n<meta name=\"description\" content=\"Les Suites HCR es un hotel nuevo construido recientemente con un concepto de apartamento totalmente nuevo. El hotel est\u00e1 situado en un tranquilo pasaje\" \/>\n<meta name=\"robots\" content=\"index, follow, max-snippet:-1, max-image-preview:large, max-video-preview:-1\" \/>\n<link rel=\"canonical\" href=\"https:\/\/www.aucoeurparis.com\/es\/363-2\/\" \/>\n<meta property=\"og:locale\" content=\"es_ES\" \/>\n<meta property=\"og:type\" content=\"article\" \/>\n<meta property=\"og:title\" content=\"- Groupe Coeur Paris\" \/>\n<meta property=\"og:description\" content=\"Les Suites HCR es un hotel nuevo construido recientemente con un concepto de apartamento totalmente nuevo. El hotel est\u00e1 situado en un tranquilo pasaje\" \/>\n<meta property=\"og:url\" content=\"https:\/\/www.aucoeurparis.com\/es\/363-2\/\" \/>\n<meta property=\"og:site_name\" content=\"Groupe Coeur Paris\" \/>\n<meta property=\"article:modified_time\" content=\"2024-10-21T10:14:58+00:00\" \/>\n<meta name=\"twitter:card\" content=\"summary_large_image\" \/>\n<script type=\"application\/ld+json\" class=\"yoast-schema-graph\">{\"@context\":\"https:\/\/schema.org\",\"@graph\":[{\"@type\":\"WebPage\",\"@id\":\"https:\/\/www.aucoeurparis.com\/es\/363-2\/\",\"url\":\"https:\/\/www.aucoeurparis.com\/es\/363-2\/\",\"name\":\"- Groupe Coeur Paris\",\"isPartOf\":{\"@id\":\"https:\/\/www.aucoeurparis.com\/es\/#website\"},\"datePublished\":\"2024-10-21T10:07:13+00:00\",\"dateModified\":\"2024-10-21T10:14:58+00:00\",\"description\":\"Les Suites HCR es un hotel nuevo construido recientemente con un concepto de apartamento totalmente nuevo. El hotel est\u00e1 situado en un tranquilo pasaje\",\"inLanguage\":\"es\",\"potentialAction\":[{\"@type\":\"ReadAction\",\"target\":[\"https:\/\/www.aucoeurparis.com\/es\/363-2\/\"]}]},{\"@type\":\"WebSite\",\"@id\":\"https:\/\/www.aucoeurparis.com\/es\/#website\",\"url\":\"https:\/\/www.aucoeurparis.com\/es\/\",\"name\":\"Groupe Coeur Paris\",\"description\":\"Un site utilisant ms.decms.eu\",\"potentialAction\":[{\"@type\":\"SearchAction\",\"target\":{\"@type\":\"EntryPoint\",\"urlTemplate\":\"https:\/\/www.aucoeurparis.com\/es\/?s={search_term_string}\"},\"query-input\":{\"@type\":\"PropertyValueSpecification\",\"valueRequired\":true,\"valueName\":\"search_term_string\"}}],\"inLanguage\":\"es\"}]}<\/script>\n<!-- \/ Yoast SEO plugin. -->","yoast_head_json":{"title":"- Groupe Coeur Paris","description":"Les Suites HCR es un hotel nuevo construido recientemente con un concepto de apartamento totalmente nuevo. El hotel est\u00e1 situado en un tranquilo pasaje","robots":{"index":"index","follow":"follow","max-snippet":"max-snippet:-1","max-image-preview":"max-image-preview:large","max-video-preview":"max-video-preview:-1"},"canonical":"https:\/\/www.aucoeurparis.com\/es\/363-2\/","og_locale":"es_ES","og_type":"article","og_title":"- Groupe Coeur Paris","og_description":"Les Suites HCR es un hotel nuevo construido recientemente con un concepto de apartamento totalmente nuevo. El hotel est\u00e1 situado en un tranquilo pasaje","og_url":"https:\/\/www.aucoeurparis.com\/es\/363-2\/","og_site_name":"Groupe Coeur Paris","article_modified_time":"2024-10-21T10:14:58+00:00","twitter_card":"summary_large_image","schema":{"@context":"https:\/\/schema.org","@graph":[{"@type":"WebPage","@id":"https:\/\/www.aucoeurparis.com\/es\/363-2\/","url":"https:\/\/www.aucoeurparis.com\/es\/363-2\/","name":"- Groupe Coeur Paris","isPartOf":{"@id":"https:\/\/www.aucoeurparis.com\/es\/#website"},"datePublished":"2024-10-21T10:07:13+00:00","dateModified":"2024-10-21T10:14:58+00:00","description":"Les Suites HCR es un hotel nuevo construido recientemente con un concepto de apartamento totalmente nuevo. El hotel est\u00e1 situado en un tranquilo pasaje","inLanguage":"es","potentialAction":[{"@type":"ReadAction","target":["https:\/\/www.aucoeurparis.com\/es\/363-2\/"]}]},{"@type":"WebSite","@id":"https:\/\/www.aucoeurparis.com\/es\/#website","url":"https:\/\/www.aucoeurparis.com\/es\/","name":"Groupe Coeur Paris","description":"Un site utilisant ms.decms.eu","potentialAction":[{"@type":"SearchAction","target":{"@type":"EntryPoint","urlTemplate":"https:\/\/www.aucoeurparis.com\/es\/?s={search_term_string}"},"query-input":{"@type":"PropertyValueSpecification","valueRequired":true,"valueName":"search_term_string"}}],"inLanguage":"es"}]}},"acf":[],"_links":{"self":[{"href":"https:\/\/www.aucoeurparis.com\/es\/wp-json\/wp\/v2\/pages\/363","targetHints":{"allow":["GET"]}}],"collection":[{"href":"https:\/\/www.aucoeurparis.com\/es\/wp-json\/wp\/v2\/pages"}],"about":[{"href":"https:\/\/www.aucoeurparis.com\/es\/wp-json\/wp\/v2\/types\/page"}],"author":[{"embeddable":true,"href":"https:\/\/www.aucoeurparis.com\/es\/wp-json\/wp\/v2\/users\/429"}],"replies":[{"embeddable":true,"href":"https:\/\/www.aucoeurparis.com\/es\/wp-json\/wp\/v2\/comments?post=363"}],"version-history":[{"count":0,"href":"https:\/\/www.aucoeurparis.com\/es\/wp-json\/wp\/v2\/pages\/363\/revisions"}],"wp:attachment":[{"href":"https:\/\/www.aucoeurparis.com\/es\/wp-json\/wp\/v2\/media?parent=363"}],"curies":[{"name":"wp","href":"https:\/\/api.w.org\/{rel}","templated":true}]}}