{"id":139,"date":"2021-12-10T15:05:11","date_gmt":"2021-12-10T14:05:11","guid":{"rendered":"https:\/\/www.aucoeurparis.com\/hotels-au-coeur-de-paris\/"},"modified":"2023-10-12T16:38:22","modified_gmt":"2023-10-12T14:38:22","slug":"hotels-in-parijs","status":"publish","type":"page","link":"https:\/\/www.aucoeurparis.com\/nl\/","title":{"rendered":"Hotels in Parijs"},"content":{"rendered":"<p>Al onze hotels zijn ideaal gelegen in het hart van Parijs, in het centrum van Parijs, in de Marais en vlakbij de Place de la R\u00e9publique. Dankzij hun uitstekende locaties zijn de meeste beroemde bezienswaardigheden, musea, theaters, galerie\u00ebn, winkels, restaurants, bars, caf\u00e9s en vele metro- en buslijnen te voet te bereiken.<\/p>\n<p>Onze hotels zijn uitermate geschikt voor zowel toeristische uitstapjes, solo of als gezin, als zakenreizen. Wij verwelkomen u graag in een van de kamers of suites van onze hotels.<\/p>\n","protected":false},"excerpt":{"rendered":"<p>Al onze hotels zijn ideaal gelegen in het hart van Parijs, in het centrum van Parijs, in de Marais en vlakbij de Place de la R\u00e9publique. Dankzij hun uitstekende locaties zijn de meeste beroemde bezienswaardigheden, musea, theaters, galerie\u00ebn, winkels, restaurants, bars, caf\u00e9s en vele metro- en buslijnen te voet te bereiken. Onze hotels zijn uitermate [&hellip;]<\/p>\n","protected":false},"author":5,"featured_media":0,"parent":0,"menu_order":0,"comment_status":"closed","ping_status":"closed","template":"","meta":{"footnotes":""},"class_list":["post-139","page","type-page","status-publish","hentry"],"yoast_head":"<!-- This site is optimized with the Yoast SEO plugin v26.9 - https:\/\/yoast.com\/product\/yoast-seo-wordpress\/ -->\n<title>Hotels in Parijs - Groupe Coeur Paris<\/title>\n<meta name=\"description\" content=\"Al onze hotels zijn ideaal gelegen in het hart van Parijs, in het centrum van Parijs, in de Marais en vlakbij de Place de la R\u00e9publique. Dankzij hun\" \/>\n<meta name=\"robots\" content=\"index, follow, max-snippet:-1, max-image-preview:large, max-video-preview:-1\" \/>\n<link rel=\"canonical\" href=\"https:\/\/www.aucoeurparis.com\/nl\/\" \/>\n<meta property=\"og:locale\" content=\"nl_NL\" \/>\n<meta property=\"og:type\" content=\"article\" \/>\n<meta property=\"og:title\" content=\"Hotels in Parijs - Groupe Coeur Paris\" \/>\n<meta property=\"og:description\" content=\"Al onze hotels zijn ideaal gelegen in het hart van Parijs, in het centrum van Parijs, in de Marais en vlakbij de Place de la R\u00e9publique. Dankzij hun\" \/>\n<meta property=\"og:url\" content=\"https:\/\/www.aucoeurparis.com\/nl\/\" \/>\n<meta property=\"og:site_name\" content=\"Groupe Coeur Paris\" \/>\n<meta property=\"article:modified_time\" content=\"2023-10-12T14:38:22+00:00\" \/>\n<meta name=\"twitter:card\" content=\"summary_large_image\" \/>\n<script type=\"application\/ld+json\" class=\"yoast-schema-graph\">{\"@context\":\"https:\/\/schema.org\",\"@graph\":[{\"@type\":\"WebPage\",\"@id\":\"https:\/\/www.aucoeurparis.com\/nl\/\",\"url\":\"https:\/\/www.aucoeurparis.com\/nl\/\",\"name\":\"Hotels in Parijs - Groupe Coeur Paris\",\"isPartOf\":{\"@id\":\"https:\/\/www.aucoeurparis.com\/nl\/#website\"},\"datePublished\":\"2021-12-10T14:05:11+00:00\",\"dateModified\":\"2023-10-12T14:38:22+00:00\",\"description\":\"Al onze hotels zijn ideaal gelegen in het hart van Parijs, in het centrum van Parijs, in de Marais en vlakbij de Place de la R\u00e9publique. Dankzij hun\",\"breadcrumb\":{\"@id\":\"https:\/\/www.aucoeurparis.com\/nl\/#breadcrumb\"},\"inLanguage\":\"nl-NL\",\"potentialAction\":[{\"@type\":\"ReadAction\",\"target\":[\"https:\/\/www.aucoeurparis.com\/nl\/\"]}]},{\"@type\":\"BreadcrumbList\",\"@id\":\"https:\/\/www.aucoeurparis.com\/nl\/#breadcrumb\",\"itemListElement\":[{\"@type\":\"ListItem\",\"position\":1,\"name\":\"Accueil\",\"item\":\"https:\/\/www.aucoeurparis.com\/nl\/\"},{\"@type\":\"ListItem\",\"position\":2,\"name\":\"Hotels in Parijs\"}]},{\"@type\":\"WebSite\",\"@id\":\"https:\/\/www.aucoeurparis.com\/nl\/#website\",\"url\":\"https:\/\/www.aucoeurparis.com\/nl\/\",\"name\":\"Groupe Coeur Paris\",\"description\":\"Un site utilisant ms.decms.eu\",\"potentialAction\":[{\"@type\":\"SearchAction\",\"target\":{\"@type\":\"EntryPoint\",\"urlTemplate\":\"https:\/\/www.aucoeurparis.com\/nl\/?s={search_term_string}\"},\"query-input\":{\"@type\":\"PropertyValueSpecification\",\"valueRequired\":true,\"valueName\":\"search_term_string\"}}],\"inLanguage\":\"nl-NL\"}]}<\/script>\n<!-- \/ Yoast SEO plugin. -->","yoast_head_json":{"title":"Hotels in Parijs - Groupe Coeur Paris","description":"Al onze hotels zijn ideaal gelegen in het hart van Parijs, in het centrum van Parijs, in de Marais en vlakbij de Place de la R\u00e9publique. Dankzij hun","robots":{"index":"index","follow":"follow","max-snippet":"max-snippet:-1","max-image-preview":"max-image-preview:large","max-video-preview":"max-video-preview:-1"},"canonical":"https:\/\/www.aucoeurparis.com\/nl\/","og_locale":"nl_NL","og_type":"article","og_title":"Hotels in Parijs - Groupe Coeur Paris","og_description":"Al onze hotels zijn ideaal gelegen in het hart van Parijs, in het centrum van Parijs, in de Marais en vlakbij de Place de la R\u00e9publique. Dankzij hun","og_url":"https:\/\/www.aucoeurparis.com\/nl\/","og_site_name":"Groupe Coeur Paris","article_modified_time":"2023-10-12T14:38:22+00:00","twitter_card":"summary_large_image","schema":{"@context":"https:\/\/schema.org","@graph":[{"@type":"WebPage","@id":"https:\/\/www.aucoeurparis.com\/nl\/","url":"https:\/\/www.aucoeurparis.com\/nl\/","name":"Hotels in Parijs - Groupe Coeur Paris","isPartOf":{"@id":"https:\/\/www.aucoeurparis.com\/nl\/#website"},"datePublished":"2021-12-10T14:05:11+00:00","dateModified":"2023-10-12T14:38:22+00:00","description":"Al onze hotels zijn ideaal gelegen in het hart van Parijs, in het centrum van Parijs, in de Marais en vlakbij de Place de la R\u00e9publique. Dankzij hun","breadcrumb":{"@id":"https:\/\/www.aucoeurparis.com\/nl\/#breadcrumb"},"inLanguage":"nl-NL","potentialAction":[{"@type":"ReadAction","target":["https:\/\/www.aucoeurparis.com\/nl\/"]}]},{"@type":"BreadcrumbList","@id":"https:\/\/www.aucoeurparis.com\/nl\/#breadcrumb","itemListElement":[{"@type":"ListItem","position":1,"name":"Accueil","item":"https:\/\/www.aucoeurparis.com\/nl\/"},{"@type":"ListItem","position":2,"name":"Hotels in Parijs"}]},{"@type":"WebSite","@id":"https:\/\/www.aucoeurparis.com\/nl\/#website","url":"https:\/\/www.aucoeurparis.com\/nl\/","name":"Groupe Coeur Paris","description":"Un site utilisant ms.decms.eu","potentialAction":[{"@type":"SearchAction","target":{"@type":"EntryPoint","urlTemplate":"https:\/\/www.aucoeurparis.com\/nl\/?s={search_term_string}"},"query-input":{"@type":"PropertyValueSpecification","valueRequired":true,"valueName":"search_term_string"}}],"inLanguage":"nl-NL"}]}},"acf":[],"_links":{"self":[{"href":"https:\/\/www.aucoeurparis.com\/nl\/wp-json\/wp\/v2\/pages\/139","targetHints":{"allow":["GET"]}}],"collection":[{"href":"https:\/\/www.aucoeurparis.com\/nl\/wp-json\/wp\/v2\/pages"}],"about":[{"href":"https:\/\/www.aucoeurparis.com\/nl\/wp-json\/wp\/v2\/types\/page"}],"author":[{"embeddable":true,"href":"https:\/\/www.aucoeurparis.com\/nl\/wp-json\/wp\/v2\/users\/5"}],"replies":[{"embeddable":true,"href":"https:\/\/www.aucoeurparis.com\/nl\/wp-json\/wp\/v2\/comments?post=139"}],"version-history":[{"count":0,"href":"https:\/\/www.aucoeurparis.com\/nl\/wp-json\/wp\/v2\/pages\/139\/revisions"}],"wp:attachment":[{"href":"https:\/\/www.aucoeurparis.com\/nl\/wp-json\/wp\/v2\/media?parent=139"}],"curies":[{"name":"wp","href":"https:\/\/api.w.org\/{rel}","templated":true}]}}